{"id":457,"date":"2023-12-28T15:18:31","date_gmt":"2023-12-28T15:18:31","guid":{"rendered":"https:\/\/servin.fr\/?page_id=457"},"modified":"2023-12-28T15:32:13","modified_gmt":"2023-12-28T15:32:13","slug":"mentions-legales","status":"publish","type":"page","link":"https:\/\/www.servin.fr\/en\/mentions-legales\/","title":{"rendered":"Legal notices"},"content":{"rendered":"<div data-elementor-type=\"wp-page\" data-elementor-id=\"457\" class=\"elementor elementor-457\">\n\t\t\t\t<div class=\"elementor-element elementor-element-ccf9d97 e-flex e-con-boxed e-con e-parent\" data-id=\"ccf9d97\" data-element_type=\"container\" data-e-type=\"container\">\n\t\t\t\t\t<div class=\"e-con-inner\">\n\t\t\t\t<div class=\"elementor-element elementor-element-580f651 elementor-widget elementor-widget-heading\" data-id=\"580f651\" data-element_type=\"widget\" data-e-type=\"widget\" data-widget_type=\"heading.default\">\n\t\t\t\t<div class=\"elementor-widget-container\">\n\t\t\t\t\t<h1 class=\"elementor-heading-title elementor-size-default\">Legal notices<\/h1>\t\t\t\t<\/div>\n\t\t\t\t<\/div>\n\t\t\t\t<div class=\"elementor-element elementor-element-c322d40 elementor-widget elementor-widget-text-editor\" data-id=\"c322d40\" data-element_type=\"widget\" data-e-type=\"widget\" data-widget_type=\"text-editor.default\">\n\t\t\t\t<div class=\"elementor-widget-container\">\n\t\t\t\t\t\t\t\t\t<p><strong>Domaine Servin<\/strong><br \/>SOCIETE CIVILE D&rsquo;EXPLOITATION DU DOMAINE SERVIN<br \/>20 Avenue d&rsquo;Oberwesel<br \/>PO n\u00b08<br \/>89800 Chablis<br \/>Siret : 313 076 481 00016<br \/><strong>Directeur de la publication :<\/strong> Fran\u00e7ois Servin \u2013 contact@servin.fr<\/p><p><strong>H\u00e9bergement et D\u00e9veloppement:<\/strong><br \/>Agence Web Damien Cornillet<br \/>6 rue de la for\u00eat \u2013 Ch\u00e2teau, 89500 Villeneuve sur Yonne<br \/>T\u00e9l\u00e9phone : 06 99 61 50 49<br \/>Email : <a href=\"mailto:damien@cornillet.com\">damien@cornillet.com<\/a><br \/><a href=\"http:\/\/www.cornillet.com\/\">https:\/\/www.cornillet.com<\/a><\/p><p><strong>Design :<\/strong><br \/>Arrow Studio<br \/>Greg Orechowa<br \/>15 rue des Charmes, 89500 Villeneuve sur Yonne<br \/><a href=\"mailto:greg@arrostudio.fr\">greg@arrowstudio.fr<\/a><\/p>\t\t\t\t\t\t\t\t<\/div>\n\t\t\t\t<\/div>\n\t\t\t\t\t<\/div>\n\t\t\t\t<\/div>\n\t\t\t\t<\/div>","protected":false},"excerpt":{"rendered":"<p>Mentions l\u00e9gales Domaine ServinSOCIETE CIVILE D&rsquo;EXPLOITATION DU DOMAINE SERVIN20 Avenue d&rsquo;OberweselBP N\u00b0 889800 ChablisSiret : 313 076 481 00016Directeur de la publication : Fran\u00e7ois Servin \u2013 contact@servin.fr H\u00e9bergement et D\u00e9veloppement:Agence Web Damien Cornillet6 rue de la for\u00eat \u2013 Ch\u00e2teau, 89500 Villeneuve sur YonneT\u00e9l\u00e9phone : 06 99 61 50 49Email : damien@cornillet.comhttps:\/\/www.cornillet.com Design :Arrow StudioGreg Orechowa15 [&hellip;]<\/p>\n","protected":false},"author":1,"featured_media":0,"parent":0,"menu_order":0,"comment_status":"closed","ping_status":"closed","template":"","meta":{"footnotes":""},"class_list":["post-457","page","type-page","status-publish","hentry"],"yoast_head":"<!-- This site is optimized with the Yoast SEO plugin v27.4 - https:\/\/yoast.com\/product\/yoast-seo-wordpress\/ -->\n<title>Mentions l\u00e9gales - Domaine Servin<\/title>\n<meta name=\"robots\" content=\"index, follow, max-snippet:-1, max-image-preview:large, max-video-preview:-1\" \/>\n<link rel=\"canonical\" href=\"https:\/\/www.servin.fr\/en\/mentions-legales\/\" \/>\n<meta property=\"og:locale\" content=\"en_GB\" \/>\n<meta property=\"og:type\" content=\"article\" \/>\n<meta property=\"og:title\" content=\"Mentions l\u00e9gales - Domaine Servin\" \/>\n<meta property=\"og:description\" content=\"Mentions l\u00e9gales Domaine ServinSOCIETE CIVILE D&rsquo;EXPLOITATION DU DOMAINE SERVIN20 Avenue d&rsquo;OberweselBP N\u00b0 889800 ChablisSiret : 313 076 481 00016Directeur de la publication : Fran\u00e7ois Servin \u2013 contact@servin.fr H\u00e9bergement et D\u00e9veloppement:Agence Web Damien Cornillet6 rue de la for\u00eat \u2013 Ch\u00e2teau, 89500 Villeneuve sur YonneT\u00e9l\u00e9phone : 06 99 61 50 49Email : damien@cornillet.comhttps:\/\/www.cornillet.com Design :Arrow StudioGreg Orechowa15 [&hellip;]\" \/>\n<meta property=\"og:url\" content=\"https:\/\/www.servin.fr\/en\/mentions-legales\/\" \/>\n<meta property=\"og:site_name\" content=\"Domaine Servin\" \/>\n<meta property=\"article:publisher\" content=\"https:\/\/www.facebook.com\/domaine.servin\" \/>\n<meta property=\"article:modified_time\" content=\"2023-12-28T15:32:13+00:00\" \/>\n<meta name=\"twitter:card\" content=\"summary_large_image\" \/>\n<meta name=\"twitter:label1\" content=\"Estimated reading time\" \/>\n\t<meta name=\"twitter:data1\" content=\"1 minute\" \/>\n<script type=\"application\/ld+json\" class=\"yoast-schema-graph\">{\"@context\":\"https:\\\/\\\/schema.org\",\"@graph\":[{\"@type\":\"WebPage\",\"@id\":\"https:\\\/\\\/www.servin.fr\\\/mentions-legales\\\/\",\"url\":\"https:\\\/\\\/www.servin.fr\\\/mentions-legales\\\/\",\"name\":\"Mentions l\u00e9gales - Domaine Servin\",\"isPartOf\":{\"@id\":\"https:\\\/\\\/www.servin.fr\\\/#website\"},\"datePublished\":\"2023-12-28T15:18:31+00:00\",\"dateModified\":\"2023-12-28T15:32:13+00:00\",\"breadcrumb\":{\"@id\":\"https:\\\/\\\/www.servin.fr\\\/mentions-legales\\\/#breadcrumb\"},\"inLanguage\":\"en-GB\",\"potentialAction\":[{\"@type\":\"ReadAction\",\"target\":[\"https:\\\/\\\/www.servin.fr\\\/mentions-legales\\\/\"]}]},{\"@type\":\"BreadcrumbList\",\"@id\":\"https:\\\/\\\/www.servin.fr\\\/mentions-legales\\\/#breadcrumb\",\"itemListElement\":[{\"@type\":\"ListItem\",\"position\":1,\"name\":\"Accueil\",\"item\":\"https:\\\/\\\/www.servin.fr\\\/\"},{\"@type\":\"ListItem\",\"position\":2,\"name\":\"Mentions l\u00e9gales\"}]},{\"@type\":\"WebSite\",\"@id\":\"https:\\\/\\\/www.servin.fr\\\/#website\",\"url\":\"https:\\\/\\\/www.servin.fr\\\/\",\"name\":\"Domaine Servin - Chablis\",\"description\":\"\",\"publisher\":{\"@id\":\"https:\\\/\\\/www.servin.fr\\\/#organization\"},\"potentialAction\":[{\"@type\":\"SearchAction\",\"target\":{\"@type\":\"EntryPoint\",\"urlTemplate\":\"https:\\\/\\\/www.servin.fr\\\/?s={search_term_string}\"},\"query-input\":{\"@type\":\"PropertyValueSpecification\",\"valueRequired\":true,\"valueName\":\"search_term_string\"}}],\"inLanguage\":\"en-GB\"},{\"@type\":\"Organization\",\"@id\":\"https:\\\/\\\/www.servin.fr\\\/#organization\",\"name\":\"Domaine Servin\",\"url\":\"https:\\\/\\\/www.servin.fr\\\/\",\"logo\":{\"@type\":\"ImageObject\",\"inLanguage\":\"en-GB\",\"@id\":\"https:\\\/\\\/www.servin.fr\\\/#\\\/schema\\\/logo\\\/image\\\/\",\"url\":\"https:\\\/\\\/www.servin.fr\\\/wp-content\\\/uploads\\\/2023\\\/12\\\/logo.jpg\",\"contentUrl\":\"https:\\\/\\\/www.servin.fr\\\/wp-content\\\/uploads\\\/2023\\\/12\\\/logo.jpg\",\"width\":237,\"height\":142,\"caption\":\"Domaine Servin\"},\"image\":{\"@id\":\"https:\\\/\\\/www.servin.fr\\\/#\\\/schema\\\/logo\\\/image\\\/\"},\"sameAs\":[\"https:\\\/\\\/www.facebook.com\\\/domaine.servin\",\"https:\\\/\\\/www.instagram.com\\\/domaineservin\\\/\"]}]}<\/script>\n<!-- \/ Yoast SEO plugin. -->","yoast_head_json":{"title":"Mentions l\u00e9gales - Domaine Servin","robots":{"index":"index","follow":"follow","max-snippet":"max-snippet:-1","max-image-preview":"max-image-preview:large","max-video-preview":"max-video-preview:-1"},"canonical":"https:\/\/www.servin.fr\/en\/mentions-legales\/","og_locale":"en_GB","og_type":"article","og_title":"Mentions l\u00e9gales - Domaine Servin","og_description":"Mentions l\u00e9gales Domaine ServinSOCIETE CIVILE D&rsquo;EXPLOITATION DU DOMAINE SERVIN20 Avenue d&rsquo;OberweselBP N\u00b0 889800 ChablisSiret : 313 076 481 00016Directeur de la publication : Fran\u00e7ois Servin \u2013 contact@servin.fr H\u00e9bergement et D\u00e9veloppement:Agence Web Damien Cornillet6 rue de la for\u00eat \u2013 Ch\u00e2teau, 89500 Villeneuve sur YonneT\u00e9l\u00e9phone : 06 99 61 50 49Email : damien@cornillet.comhttps:\/\/www.cornillet.com Design :Arrow StudioGreg Orechowa15 [&hellip;]","og_url":"https:\/\/www.servin.fr\/en\/mentions-legales\/","og_site_name":"Domaine Servin","article_publisher":"https:\/\/www.facebook.com\/domaine.servin","article_modified_time":"2023-12-28T15:32:13+00:00","twitter_card":"summary_large_image","twitter_misc":{"Estimated reading time":"1 minute"},"schema":{"@context":"https:\/\/schema.org","@graph":[{"@type":"WebPage","@id":"https:\/\/www.servin.fr\/mentions-legales\/","url":"https:\/\/www.servin.fr\/mentions-legales\/","name":"Mentions l\u00e9gales - Domaine Servin","isPartOf":{"@id":"https:\/\/www.servin.fr\/#website"},"datePublished":"2023-12-28T15:18:31+00:00","dateModified":"2023-12-28T15:32:13+00:00","breadcrumb":{"@id":"https:\/\/www.servin.fr\/mentions-legales\/#breadcrumb"},"inLanguage":"en-GB","potentialAction":[{"@type":"ReadAction","target":["https:\/\/www.servin.fr\/mentions-legales\/"]}]},{"@type":"BreadcrumbList","@id":"https:\/\/www.servin.fr\/mentions-legales\/#breadcrumb","itemListElement":[{"@type":"ListItem","position":1,"name":"Accueil","item":"https:\/\/www.servin.fr\/"},{"@type":"ListItem","position":2,"name":"Mentions l\u00e9gales"}]},{"@type":"WebSite","@id":"https:\/\/www.servin.fr\/#website","url":"https:\/\/www.servin.fr\/","name":"Domaine Servin - Chablis","description":"","publisher":{"@id":"https:\/\/www.servin.fr\/#organization"},"potentialAction":[{"@type":"SearchAction","target":{"@type":"EntryPoint","urlTemplate":"https:\/\/www.servin.fr\/?s={search_term_string}"},"query-input":{"@type":"PropertyValueSpecification","valueRequired":true,"valueName":"search_term_string"}}],"inLanguage":"en-GB"},{"@type":"Organization","@id":"https:\/\/www.servin.fr\/#organization","name":"Domaine Servin","url":"https:\/\/www.servin.fr\/","logo":{"@type":"ImageObject","inLanguage":"en-GB","@id":"https:\/\/www.servin.fr\/#\/schema\/logo\/image\/","url":"https:\/\/www.servin.fr\/wp-content\/uploads\/2023\/12\/logo.jpg","contentUrl":"https:\/\/www.servin.fr\/wp-content\/uploads\/2023\/12\/logo.jpg","width":237,"height":142,"caption":"Domaine Servin"},"image":{"@id":"https:\/\/www.servin.fr\/#\/schema\/logo\/image\/"},"sameAs":["https:\/\/www.facebook.com\/domaine.servin","https:\/\/www.instagram.com\/domaineservin\/"]}]}},"_links":{"self":[{"href":"https:\/\/www.servin.fr\/en\/wp-json\/wp\/v2\/pages\/457","targetHints":{"allow":["GET"]}}],"collection":[{"href":"https:\/\/www.servin.fr\/en\/wp-json\/wp\/v2\/pages"}],"about":[{"href":"https:\/\/www.servin.fr\/en\/wp-json\/wp\/v2\/types\/page"}],"author":[{"embeddable":true,"href":"https:\/\/www.servin.fr\/en\/wp-json\/wp\/v2\/users\/1"}],"replies":[{"embeddable":true,"href":"https:\/\/www.servin.fr\/en\/wp-json\/wp\/v2\/comments?post=457"}],"version-history":[{"count":13,"href":"https:\/\/www.servin.fr\/en\/wp-json\/wp\/v2\/pages\/457\/revisions"}],"predecessor-version":[{"id":471,"href":"https:\/\/www.servin.fr\/en\/wp-json\/wp\/v2\/pages\/457\/revisions\/471"}],"wp:attachment":[{"href":"https:\/\/www.servin.fr\/en\/wp-json\/wp\/v2\/media?parent=457"}],"curies":[{"name":"wp","href":"https:\/\/api.w.org\/{rel}","templated":true}]}}