{"id":415,"date":"2023-12-28T13:39:12","date_gmt":"2023-12-28T13:39:12","guid":{"rendered":"https:\/\/servin.fr\/?page_id=415"},"modified":"2026-03-05T14:43:49","modified_gmt":"2026-03-05T14:43:49","slug":"nous-contacter","status":"publish","type":"page","link":"https:\/\/www.servin.fr\/en\/nous-contacter\/","title":{"rendered":"How to contact us"},"content":{"rendered":"<div data-elementor-type=\"wp-page\" data-elementor-id=\"415\" class=\"elementor elementor-415\">\n\t\t\t\t<div class=\"elementor-element elementor-element-489119d e-con-full animated-slow e-flex elementor-invisible e-con e-parent\" data-id=\"489119d\" data-element_type=\"container\" data-e-type=\"container\" data-settings=\"{&quot;animation&quot;:&quot;fadeIn&quot;}\">\n\t\t<div class=\"elementor-element elementor-element-ba77b7e e-con-full e-flex e-con e-child\" data-id=\"ba77b7e\" data-element_type=\"container\" data-e-type=\"container\" data-settings=\"{&quot;background_background&quot;:&quot;classic&quot;}\">\n\t\t\t\t<\/div>\n\t\t<div class=\"elementor-element elementor-element-8b6d7e7 e-con-full e-flex e-con e-child\" data-id=\"8b6d7e7\" data-element_type=\"container\" data-e-type=\"container\">\n\t\t\t\t<div class=\"elementor-element elementor-element-ca77a7d elementor-widget elementor-widget-heading\" data-id=\"ca77a7d\" data-element_type=\"widget\" data-e-type=\"widget\" data-widget_type=\"heading.default\">\n\t\t\t\t<div class=\"elementor-widget-container\">\n\t\t\t\t\t<h1 class=\"elementor-heading-title elementor-size-default\">How to contact us<\/h1>\t\t\t\t<\/div>\n\t\t\t\t<\/div>\n\t\t\t\t<div class=\"elementor-element elementor-element-9420ed3 elementor-widget elementor-widget-text-editor\" data-id=\"9420ed3\" data-element_type=\"widget\" data-e-type=\"widget\" data-widget_type=\"text-editor.default\">\n\t\t\t\t<div class=\"elementor-widget-container\">\n\t\t\t\t\t\t\t\t\t<div class=\"texte2\"><strong><span style=\"font-size: large;\">Domaine Servin<\/span><\/strong><\/div><div class=\"texte2\"><span style=\"font-size: large;\">20 Avenue d&rsquo;Oberwesel<\/span><\/div><div class=\"texte2\"><span style=\"font-size: large;\">PO n\u00b08<\/span><\/div><div class=\"texte2\"><span style=\"font-size: large;\">89800 Chablis<\/span><\/div><div class=\"texte2\"><div class=\"texte2\">Tel: +33.(0) 3.86.18.90.00<\/div><\/div><div class=\"texte2\"><div class=\"texte2\">Email :\u00a0<a class=\"texte2\" href=\"mailto:contact@servin.fr\">contact@servin.fr<\/a><\/div><\/div>\t\t\t\t\t\t\t\t<\/div>\n\t\t\t\t<\/div>\n\t\t\t\t<div class=\"elementor-element elementor-element-5f2496d elementor-widget elementor-widget-heading\" data-id=\"5f2496d\" data-element_type=\"widget\" data-e-type=\"widget\" data-widget_type=\"heading.default\">\n\t\t\t\t<div class=\"elementor-widget-container\">\n\t\t\t\t\t<h2 class=\"elementor-heading-title elementor-size-default\">Opening hours<\/h2>\t\t\t\t<\/div>\n\t\t\t\t<\/div>\n\t\t\t\t<div class=\"elementor-element elementor-element-ec220d1 elementor-widget elementor-widget-text-editor\" data-id=\"ec220d1\" data-element_type=\"widget\" data-e-type=\"widget\" data-widget_type=\"text-editor.default\">\n\t\t\t\t<div class=\"elementor-widget-container\">\n\t\t\t\t\t\t\t\t\t<p>Visite de cave, d\u00e9gustation au caveau et ventes,<br \/>du lundi au Vendredi<br \/>De 9h00 \u00e0 12h00 <br \/>et de 13h30 \u00e0 17h30 <br \/>(le Samedi sur RDV).<br \/>Ferm\u00e9 les dimanches et jours f\u00e9ri\u00e9s.<br \/>Dur\u00e9e 1h30, entre 1 et 6 personnes (Groupe sur r\u00e9servation selon disponibilit\u00e9s)<\/p>\t\t\t\t\t\t\t\t<\/div>\n\t\t\t\t<\/div>\n\t\t\t\t<div class=\"elementor-element elementor-element-3a82f5a elementor-widget elementor-widget-osm-map-elementor\" data-id=\"3a82f5a\" data-element_type=\"widget\" data-e-type=\"widget\" data-widget_type=\"osm-map-elementor.default\">\n\t\t\t\t<div class=\"elementor-widget-container\">\n\t\t\t\t\t<div id=\"osm-map-3a82f5a\" \n        class=\"osm-map-container\" \n        data-center=\"47.815783205876,3.8041467033792\"><\/div>        <script type=\"text\/javascript\">\n                    <\/script>\n        \t\t\t\t<\/div>\n\t\t\t\t<\/div>\n\t\t\t\t<\/div>\n\t\t\t\t<\/div>\n\t\t\t\t<\/div>","protected":false},"excerpt":{"rendered":"<p>Nous contacter Domaine Servin20 Avenue d&rsquo;OberweselBP N\u00b0 889800 ChablisT\u00e9l : +33.(0)3.86.18.90.00Email :\u00a0contact@servin.fr Horaires d&rsquo;ouverture Visite de cave, d\u00e9gustation au caveau et ventes,du lundi au VendrediDe 9h00 \u00e0 12h00 et de 13h30 \u00e0 17h30 (le Samedi sur RDV).Ferm\u00e9 les dimanches et jours f\u00e9ri\u00e9s.Dur\u00e9e 1h30, entre 1 et 6 personnes (Groupe sur r\u00e9servation selon disponibilit\u00e9s)<\/p>","protected":false},"author":1,"featured_media":0,"parent":0,"menu_order":0,"comment_status":"closed","ping_status":"closed","template":"","meta":{"footnotes":""},"class_list":["post-415","page","type-page","status-publish","hentry"],"yoast_head":"<!-- This site is optimized with the Yoast SEO plugin v27.5 - https:\/\/yoast.com\/product\/yoast-seo-wordpress\/ -->\n<title>Nous contacter - Domaine Servin<\/title>\n<meta name=\"robots\" content=\"index, follow, max-snippet:-1, max-image-preview:large, max-video-preview:-1\" \/>\n<link rel=\"canonical\" href=\"https:\/\/www.servin.fr\/en\/nous-contacter\/\" \/>\n<meta property=\"og:locale\" content=\"en_GB\" \/>\n<meta property=\"og:type\" content=\"article\" \/>\n<meta property=\"og:title\" content=\"Nous contacter - Domaine Servin\" \/>\n<meta property=\"og:description\" content=\"Nous contacter Domaine Servin20 Avenue d&rsquo;OberweselBP N\u00b0 889800 ChablisT\u00e9l : +33.(0)3.86.18.90.00Email :\u00a0contact@servin.fr Horaires d&rsquo;ouverture Visite de cave, d\u00e9gustation au caveau et ventes,du lundi au VendrediDe 9h00 \u00e0 12h00 et de 13h30 \u00e0 17h30 (le Samedi sur RDV).Ferm\u00e9 les dimanches et jours f\u00e9ri\u00e9s.Dur\u00e9e 1h30, entre 1 et 6 personnes (Groupe sur r\u00e9servation selon disponibilit\u00e9s)\" \/>\n<meta property=\"og:url\" content=\"https:\/\/www.servin.fr\/en\/nous-contacter\/\" \/>\n<meta property=\"og:site_name\" content=\"Domaine Servin\" \/>\n<meta property=\"article:publisher\" content=\"https:\/\/www.facebook.com\/domaine.servin\" \/>\n<meta property=\"article:modified_time\" content=\"2026-03-05T14:43:49+00:00\" \/>\n<meta name=\"twitter:card\" content=\"summary_large_image\" \/>\n<meta name=\"twitter:label1\" content=\"Estimated reading time\" \/>\n\t<meta name=\"twitter:data1\" content=\"3 minutes\" \/>\n<script type=\"application\/ld+json\" class=\"yoast-schema-graph\">{\"@context\":\"https:\\\/\\\/schema.org\",\"@graph\":[{\"@type\":\"WebPage\",\"@id\":\"https:\\\/\\\/www.servin.fr\\\/nous-contacter\\\/\",\"url\":\"https:\\\/\\\/www.servin.fr\\\/nous-contacter\\\/\",\"name\":\"Nous contacter - Domaine Servin\",\"isPartOf\":{\"@id\":\"https:\\\/\\\/www.servin.fr\\\/#website\"},\"datePublished\":\"2023-12-28T13:39:12+00:00\",\"dateModified\":\"2026-03-05T14:43:49+00:00\",\"breadcrumb\":{\"@id\":\"https:\\\/\\\/www.servin.fr\\\/nous-contacter\\\/#breadcrumb\"},\"inLanguage\":\"en-GB\",\"potentialAction\":[{\"@type\":\"ReadAction\",\"target\":[\"https:\\\/\\\/www.servin.fr\\\/nous-contacter\\\/\"]}]},{\"@type\":\"BreadcrumbList\",\"@id\":\"https:\\\/\\\/www.servin.fr\\\/nous-contacter\\\/#breadcrumb\",\"itemListElement\":[{\"@type\":\"ListItem\",\"position\":1,\"name\":\"Accueil\",\"item\":\"https:\\\/\\\/www.servin.fr\\\/\"},{\"@type\":\"ListItem\",\"position\":2,\"name\":\"Nous contacter\"}]},{\"@type\":\"WebSite\",\"@id\":\"https:\\\/\\\/www.servin.fr\\\/#website\",\"url\":\"https:\\\/\\\/www.servin.fr\\\/\",\"name\":\"Domaine Servin - Chablis\",\"description\":\"\",\"publisher\":{\"@id\":\"https:\\\/\\\/www.servin.fr\\\/#organization\"},\"potentialAction\":[{\"@type\":\"SearchAction\",\"target\":{\"@type\":\"EntryPoint\",\"urlTemplate\":\"https:\\\/\\\/www.servin.fr\\\/?s={search_term_string}\"},\"query-input\":{\"@type\":\"PropertyValueSpecification\",\"valueRequired\":true,\"valueName\":\"search_term_string\"}}],\"inLanguage\":\"en-GB\"},{\"@type\":\"Organization\",\"@id\":\"https:\\\/\\\/www.servin.fr\\\/#organization\",\"name\":\"Domaine Servin\",\"url\":\"https:\\\/\\\/www.servin.fr\\\/\",\"logo\":{\"@type\":\"ImageObject\",\"inLanguage\":\"en-GB\",\"@id\":\"https:\\\/\\\/www.servin.fr\\\/#\\\/schema\\\/logo\\\/image\\\/\",\"url\":\"https:\\\/\\\/www.servin.fr\\\/wp-content\\\/uploads\\\/2023\\\/12\\\/logo.jpg\",\"contentUrl\":\"https:\\\/\\\/www.servin.fr\\\/wp-content\\\/uploads\\\/2023\\\/12\\\/logo.jpg\",\"width\":237,\"height\":142,\"caption\":\"Domaine Servin\"},\"image\":{\"@id\":\"https:\\\/\\\/www.servin.fr\\\/#\\\/schema\\\/logo\\\/image\\\/\"},\"sameAs\":[\"https:\\\/\\\/www.facebook.com\\\/domaine.servin\",\"https:\\\/\\\/www.instagram.com\\\/domaineservin\\\/\"]}]}<\/script>\n<!-- \/ Yoast SEO plugin. -->","yoast_head_json":{"title":"Nous contacter - Domaine Servin","robots":{"index":"index","follow":"follow","max-snippet":"max-snippet:-1","max-image-preview":"max-image-preview:large","max-video-preview":"max-video-preview:-1"},"canonical":"https:\/\/www.servin.fr\/en\/nous-contacter\/","og_locale":"en_GB","og_type":"article","og_title":"Nous contacter - Domaine Servin","og_description":"Nous contacter Domaine Servin20 Avenue d&rsquo;OberweselBP N\u00b0 889800 ChablisT\u00e9l : +33.(0)3.86.18.90.00Email :\u00a0contact@servin.fr Horaires d&rsquo;ouverture Visite de cave, d\u00e9gustation au caveau et ventes,du lundi au VendrediDe 9h00 \u00e0 12h00 et de 13h30 \u00e0 17h30 (le Samedi sur RDV).Ferm\u00e9 les dimanches et jours f\u00e9ri\u00e9s.Dur\u00e9e 1h30, entre 1 et 6 personnes (Groupe sur r\u00e9servation selon disponibilit\u00e9s)","og_url":"https:\/\/www.servin.fr\/en\/nous-contacter\/","og_site_name":"Domaine Servin","article_publisher":"https:\/\/www.facebook.com\/domaine.servin","article_modified_time":"2026-03-05T14:43:49+00:00","twitter_card":"summary_large_image","twitter_misc":{"Estimated reading time":"3 minutes"},"schema":{"@context":"https:\/\/schema.org","@graph":[{"@type":"WebPage","@id":"https:\/\/www.servin.fr\/nous-contacter\/","url":"https:\/\/www.servin.fr\/nous-contacter\/","name":"Nous contacter - Domaine Servin","isPartOf":{"@id":"https:\/\/www.servin.fr\/#website"},"datePublished":"2023-12-28T13:39:12+00:00","dateModified":"2026-03-05T14:43:49+00:00","breadcrumb":{"@id":"https:\/\/www.servin.fr\/nous-contacter\/#breadcrumb"},"inLanguage":"en-GB","potentialAction":[{"@type":"ReadAction","target":["https:\/\/www.servin.fr\/nous-contacter\/"]}]},{"@type":"BreadcrumbList","@id":"https:\/\/www.servin.fr\/nous-contacter\/#breadcrumb","itemListElement":[{"@type":"ListItem","position":1,"name":"Accueil","item":"https:\/\/www.servin.fr\/"},{"@type":"ListItem","position":2,"name":"Nous contacter"}]},{"@type":"WebSite","@id":"https:\/\/www.servin.fr\/#website","url":"https:\/\/www.servin.fr\/","name":"Domaine Servin - Chablis","description":"","publisher":{"@id":"https:\/\/www.servin.fr\/#organization"},"potentialAction":[{"@type":"SearchAction","target":{"@type":"EntryPoint","urlTemplate":"https:\/\/www.servin.fr\/?s={search_term_string}"},"query-input":{"@type":"PropertyValueSpecification","valueRequired":true,"valueName":"search_term_string"}}],"inLanguage":"en-GB"},{"@type":"Organization","@id":"https:\/\/www.servin.fr\/#organization","name":"Domaine Servin","url":"https:\/\/www.servin.fr\/","logo":{"@type":"ImageObject","inLanguage":"en-GB","@id":"https:\/\/www.servin.fr\/#\/schema\/logo\/image\/","url":"https:\/\/www.servin.fr\/wp-content\/uploads\/2023\/12\/logo.jpg","contentUrl":"https:\/\/www.servin.fr\/wp-content\/uploads\/2023\/12\/logo.jpg","width":237,"height":142,"caption":"Domaine Servin"},"image":{"@id":"https:\/\/www.servin.fr\/#\/schema\/logo\/image\/"},"sameAs":["https:\/\/www.facebook.com\/domaine.servin","https:\/\/www.instagram.com\/domaineservin\/"]}]}},"_links":{"self":[{"href":"https:\/\/www.servin.fr\/en\/wp-json\/wp\/v2\/pages\/415","targetHints":{"allow":["GET"]}}],"collection":[{"href":"https:\/\/www.servin.fr\/en\/wp-json\/wp\/v2\/pages"}],"about":[{"href":"https:\/\/www.servin.fr\/en\/wp-json\/wp\/v2\/types\/page"}],"author":[{"embeddable":true,"href":"https:\/\/www.servin.fr\/en\/wp-json\/wp\/v2\/users\/1"}],"replies":[{"embeddable":true,"href":"https:\/\/www.servin.fr\/en\/wp-json\/wp\/v2\/comments?post=415"}],"version-history":[{"count":46,"href":"https:\/\/www.servin.fr\/en\/wp-json\/wp\/v2\/pages\/415\/revisions"}],"predecessor-version":[{"id":1514,"href":"https:\/\/www.servin.fr\/en\/wp-json\/wp\/v2\/pages\/415\/revisions\/1514"}],"wp:attachment":[{"href":"https:\/\/www.servin.fr\/en\/wp-json\/wp\/v2\/media?parent=415"}],"curies":[{"name":"wp","href":"https:\/\/api.w.org\/{rel}","templated":true}]}}