{"id":30,"date":"2023-12-18T11:16:52","date_gmt":"2023-12-18T11:16:52","guid":{"rendered":"https:\/\/servin.fr\/?page_id=30"},"modified":"2024-03-05T20:55:00","modified_gmt":"2024-03-05T20:55:00","slug":"clients","status":"publish","type":"page","link":"https:\/\/www.servin.fr\/en\/clients\/","title":{"rendered":"Customers"},"content":{"rendered":"<div data-elementor-type=\"wp-page\" data-elementor-id=\"30\" class=\"elementor elementor-30\">\n\t\t\t\t<div class=\"elementor-element elementor-element-d7cf8d3 e-flex e-con-boxed e-con e-parent\" data-id=\"d7cf8d3\" data-element_type=\"container\" data-e-type=\"container\">\n\t\t\t\t\t<div class=\"e-con-inner\">\n\t\t\t\t<div class=\"elementor-element elementor-element-f0c2edf elementor-widget elementor-widget-heading\" data-id=\"f0c2edf\" data-element_type=\"widget\" data-e-type=\"widget\" data-widget_type=\"heading.default\">\n\t\t\t\t<div class=\"elementor-widget-container\">\n\t\t\t\t\t<h1 class=\"elementor-heading-title elementor-size-default\">Where the Domaine Servin wines are found around the world<\/h1>\t\t\t\t<\/div>\n\t\t\t\t<\/div>\n\t\t\t\t<div class=\"elementor-element elementor-element-36c8f63 elementor-widget elementor-widget-image\" data-id=\"36c8f63\" data-element_type=\"widget\" data-e-type=\"widget\" data-widget_type=\"image.default\">\n\t\t\t\t<div class=\"elementor-widget-container\">\n\t\t\t\t\t\t\t\t\t\t\t\t\t\t\t<img fetchpriority=\"high\" decoding=\"async\" width=\"1024\" height=\"501\" src=\"https:\/\/www.servin.fr\/wp-content\/uploads\/2024\/03\/carte_monde-1024x501.png\" class=\"attachment-large size-large wp-image-804\" alt=\"Les pays ou sont revendus les vins du Domaine Servin\" srcset=\"https:\/\/www.servin.fr\/wp-content\/uploads\/2024\/03\/carte_monde-1024x501.png 1024w, https:\/\/www.servin.fr\/wp-content\/uploads\/2024\/03\/carte_monde-300x147.png 300w, https:\/\/www.servin.fr\/wp-content\/uploads\/2024\/03\/carte_monde-768x376.png 768w, https:\/\/www.servin.fr\/wp-content\/uploads\/2024\/03\/carte_monde-1536x751.png 1536w, https:\/\/www.servin.fr\/wp-content\/uploads\/2024\/03\/carte_monde-350x171.png 350w, https:\/\/www.servin.fr\/wp-content\/uploads\/2024\/03\/carte_monde.png 1900w\" sizes=\"(max-width: 1024px) 100vw, 1024px\" \/>\t\t\t\t\t\t\t\t\t\t\t\t\t\t\t<\/div>\n\t\t\t\t<\/div>\n\t\t\t\t<div class=\"elementor-element elementor-element-008d556 elementor-widget elementor-widget-text-editor\" data-id=\"008d556\" data-element_type=\"widget\" data-e-type=\"widget\" data-widget_type=\"text-editor.default\">\n\t\t\t\t<div class=\"elementor-widget-container\">\n\t\t\t\t\t\t\t\t\t<p>Germany \u2013 England \u2013 Australia \u2013 Belgium \u2013 Belarus \u2013 Armenia \u2013 Cambodia \u2013 Canada \u2013 South Korea \u2013 Denmark \u2013 Spain \u2013 Estonia \u2013 United States \u2013 Georgia \u2013 Hong Kong \u2013 Mauritius \u2013 Ireland \u2013 Italy \u2013 Japan \u2013 Jersey Island \u2013 Laos \u2013 Reunion Island \u2013 Lithuania \u2013 Malta \u2013 Mexico \u2013 Norway \u2013 Poland \u2013 Czech Republic \u2013 Russia \u2013 Singapore \u2013 Sweden \u2013 Switzerland \u2013 Thailand \u2013 Vietnam<\/p>\t\t\t\t\t\t\t\t<\/div>\n\t\t\t\t<\/div>\n\t\t\t\t\t<\/div>\n\t\t\t\t<\/div>\n\t\t\t\t<\/div>","protected":false},"excerpt":{"rendered":"<p>Les vins du Domaine Servin \u00e0 travers le monde Allemagne &#8211; Angleterre &#8211; Australie &#8211; Belgique &#8211; Bi\u00e9lorussie &#8211; Arm\u00e9nie &#8211; Cambodge &#8211; Canada &#8211; Cor\u00e9e du Sud &#8211; Danemark &#8211; Espagne &#8211; Estonie &#8211; \u00c9tats-Unis &#8211; G\u00e9orgie &#8211; Hong-Kong &#8211; Ile Maurice &#8211; Irlande &#8211; Italie &#8211; Japon &#8211; Ile de Jersey &#8211; Laos [&hellip;]<\/p>\n","protected":false},"author":1,"featured_media":0,"parent":0,"menu_order":0,"comment_status":"closed","ping_status":"closed","template":"","meta":{"footnotes":""},"class_list":["post-30","page","type-page","status-publish","hentry"],"yoast_head":"<!-- This site is optimized with the Yoast SEO plugin v27.5 - https:\/\/yoast.com\/product\/yoast-seo-wordpress\/ -->\n<title>Clients - Domaine Servin<\/title>\n<meta name=\"robots\" content=\"index, follow, max-snippet:-1, max-image-preview:large, max-video-preview:-1\" \/>\n<link rel=\"canonical\" href=\"https:\/\/www.servin.fr\/en\/clients\/\" \/>\n<meta property=\"og:locale\" content=\"en_GB\" \/>\n<meta property=\"og:type\" content=\"article\" \/>\n<meta property=\"og:title\" content=\"Clients - Domaine Servin\" \/>\n<meta property=\"og:description\" content=\"Les vins du Domaine Servin \u00e0 travers le monde Allemagne &#8211; Angleterre &#8211; Australie &#8211; Belgique &#8211; Bi\u00e9lorussie &#8211; Arm\u00e9nie &#8211; Cambodge &#8211; Canada &#8211; Cor\u00e9e du Sud &#8211; Danemark &#8211; Espagne &#8211; Estonie &#8211; \u00c9tats-Unis &#8211; G\u00e9orgie &#8211; Hong-Kong &#8211; Ile Maurice &#8211; Irlande &#8211; Italie &#8211; Japon &#8211; Ile de Jersey &#8211; Laos [&hellip;]\" \/>\n<meta property=\"og:url\" content=\"https:\/\/www.servin.fr\/en\/clients\/\" \/>\n<meta property=\"og:site_name\" content=\"Domaine Servin\" \/>\n<meta property=\"article:publisher\" content=\"https:\/\/www.facebook.com\/domaine.servin\" \/>\n<meta property=\"article:modified_time\" content=\"2024-03-05T20:55:00+00:00\" \/>\n<meta property=\"og:image\" content=\"https:\/\/servin.fr\/wp-content\/uploads\/2024\/03\/carte_monde-1024x501.png\" \/>\n<meta name=\"twitter:card\" content=\"summary_large_image\" \/>\n<meta name=\"twitter:label1\" content=\"Estimated reading time\" \/>\n\t<meta name=\"twitter:data1\" content=\"1 minute\" \/>\n<script type=\"application\/ld+json\" class=\"yoast-schema-graph\">{\"@context\":\"https:\\\/\\\/schema.org\",\"@graph\":[{\"@type\":\"WebPage\",\"@id\":\"https:\\\/\\\/www.servin.fr\\\/clients\\\/\",\"url\":\"https:\\\/\\\/www.servin.fr\\\/clients\\\/\",\"name\":\"Clients - Domaine Servin\",\"isPartOf\":{\"@id\":\"https:\\\/\\\/www.servin.fr\\\/#website\"},\"primaryImageOfPage\":{\"@id\":\"https:\\\/\\\/www.servin.fr\\\/clients\\\/#primaryimage\"},\"image\":{\"@id\":\"https:\\\/\\\/www.servin.fr\\\/clients\\\/#primaryimage\"},\"thumbnailUrl\":\"https:\\\/\\\/servin.fr\\\/wp-content\\\/uploads\\\/2024\\\/03\\\/carte_monde-1024x501.png\",\"datePublished\":\"2023-12-18T11:16:52+00:00\",\"dateModified\":\"2024-03-05T20:55:00+00:00\",\"breadcrumb\":{\"@id\":\"https:\\\/\\\/www.servin.fr\\\/clients\\\/#breadcrumb\"},\"inLanguage\":\"en-GB\",\"potentialAction\":[{\"@type\":\"ReadAction\",\"target\":[\"https:\\\/\\\/www.servin.fr\\\/clients\\\/\"]}]},{\"@type\":\"ImageObject\",\"inLanguage\":\"en-GB\",\"@id\":\"https:\\\/\\\/www.servin.fr\\\/clients\\\/#primaryimage\",\"url\":\"https:\\\/\\\/servin.fr\\\/wp-content\\\/uploads\\\/2024\\\/03\\\/carte_monde-1024x501.png\",\"contentUrl\":\"https:\\\/\\\/servin.fr\\\/wp-content\\\/uploads\\\/2024\\\/03\\\/carte_monde-1024x501.png\"},{\"@type\":\"BreadcrumbList\",\"@id\":\"https:\\\/\\\/www.servin.fr\\\/clients\\\/#breadcrumb\",\"itemListElement\":[{\"@type\":\"ListItem\",\"position\":1,\"name\":\"Accueil\",\"item\":\"https:\\\/\\\/www.servin.fr\\\/\"},{\"@type\":\"ListItem\",\"position\":2,\"name\":\"Clients\"}]},{\"@type\":\"WebSite\",\"@id\":\"https:\\\/\\\/www.servin.fr\\\/#website\",\"url\":\"https:\\\/\\\/www.servin.fr\\\/\",\"name\":\"Domaine Servin - Chablis\",\"description\":\"\",\"publisher\":{\"@id\":\"https:\\\/\\\/www.servin.fr\\\/#organization\"},\"potentialAction\":[{\"@type\":\"SearchAction\",\"target\":{\"@type\":\"EntryPoint\",\"urlTemplate\":\"https:\\\/\\\/www.servin.fr\\\/?s={search_term_string}\"},\"query-input\":{\"@type\":\"PropertyValueSpecification\",\"valueRequired\":true,\"valueName\":\"search_term_string\"}}],\"inLanguage\":\"en-GB\"},{\"@type\":\"Organization\",\"@id\":\"https:\\\/\\\/www.servin.fr\\\/#organization\",\"name\":\"Domaine Servin\",\"url\":\"https:\\\/\\\/www.servin.fr\\\/\",\"logo\":{\"@type\":\"ImageObject\",\"inLanguage\":\"en-GB\",\"@id\":\"https:\\\/\\\/www.servin.fr\\\/#\\\/schema\\\/logo\\\/image\\\/\",\"url\":\"https:\\\/\\\/www.servin.fr\\\/wp-content\\\/uploads\\\/2023\\\/12\\\/logo.jpg\",\"contentUrl\":\"https:\\\/\\\/www.servin.fr\\\/wp-content\\\/uploads\\\/2023\\\/12\\\/logo.jpg\",\"width\":237,\"height\":142,\"caption\":\"Domaine Servin\"},\"image\":{\"@id\":\"https:\\\/\\\/www.servin.fr\\\/#\\\/schema\\\/logo\\\/image\\\/\"},\"sameAs\":[\"https:\\\/\\\/www.facebook.com\\\/domaine.servin\",\"https:\\\/\\\/www.instagram.com\\\/domaineservin\\\/\"]}]}<\/script>\n<!-- \/ Yoast SEO plugin. -->","yoast_head_json":{"title":"Clients - Domaine Servin","robots":{"index":"index","follow":"follow","max-snippet":"max-snippet:-1","max-image-preview":"max-image-preview:large","max-video-preview":"max-video-preview:-1"},"canonical":"https:\/\/www.servin.fr\/en\/clients\/","og_locale":"en_GB","og_type":"article","og_title":"Clients - Domaine Servin","og_description":"Les vins du Domaine Servin \u00e0 travers le monde Allemagne &#8211; Angleterre &#8211; Australie &#8211; Belgique &#8211; Bi\u00e9lorussie &#8211; Arm\u00e9nie &#8211; Cambodge &#8211; Canada &#8211; Cor\u00e9e du Sud &#8211; Danemark &#8211; Espagne &#8211; Estonie &#8211; \u00c9tats-Unis &#8211; G\u00e9orgie &#8211; Hong-Kong &#8211; Ile Maurice &#8211; Irlande &#8211; Italie &#8211; Japon &#8211; Ile de Jersey &#8211; Laos [&hellip;]","og_url":"https:\/\/www.servin.fr\/en\/clients\/","og_site_name":"Domaine Servin","article_publisher":"https:\/\/www.facebook.com\/domaine.servin","article_modified_time":"2024-03-05T20:55:00+00:00","og_image":[{"url":"https:\/\/servin.fr\/wp-content\/uploads\/2024\/03\/carte_monde-1024x501.png","type":"","width":"","height":""}],"twitter_card":"summary_large_image","twitter_misc":{"Estimated reading time":"1 minute"},"schema":{"@context":"https:\/\/schema.org","@graph":[{"@type":"WebPage","@id":"https:\/\/www.servin.fr\/clients\/","url":"https:\/\/www.servin.fr\/clients\/","name":"Clients - Domaine Servin","isPartOf":{"@id":"https:\/\/www.servin.fr\/#website"},"primaryImageOfPage":{"@id":"https:\/\/www.servin.fr\/clients\/#primaryimage"},"image":{"@id":"https:\/\/www.servin.fr\/clients\/#primaryimage"},"thumbnailUrl":"https:\/\/servin.fr\/wp-content\/uploads\/2024\/03\/carte_monde-1024x501.png","datePublished":"2023-12-18T11:16:52+00:00","dateModified":"2024-03-05T20:55:00+00:00","breadcrumb":{"@id":"https:\/\/www.servin.fr\/clients\/#breadcrumb"},"inLanguage":"en-GB","potentialAction":[{"@type":"ReadAction","target":["https:\/\/www.servin.fr\/clients\/"]}]},{"@type":"ImageObject","inLanguage":"en-GB","@id":"https:\/\/www.servin.fr\/clients\/#primaryimage","url":"https:\/\/servin.fr\/wp-content\/uploads\/2024\/03\/carte_monde-1024x501.png","contentUrl":"https:\/\/servin.fr\/wp-content\/uploads\/2024\/03\/carte_monde-1024x501.png"},{"@type":"BreadcrumbList","@id":"https:\/\/www.servin.fr\/clients\/#breadcrumb","itemListElement":[{"@type":"ListItem","position":1,"name":"Accueil","item":"https:\/\/www.servin.fr\/"},{"@type":"ListItem","position":2,"name":"Clients"}]},{"@type":"WebSite","@id":"https:\/\/www.servin.fr\/#website","url":"https:\/\/www.servin.fr\/","name":"Domaine Servin - Chablis","description":"","publisher":{"@id":"https:\/\/www.servin.fr\/#organization"},"potentialAction":[{"@type":"SearchAction","target":{"@type":"EntryPoint","urlTemplate":"https:\/\/www.servin.fr\/?s={search_term_string}"},"query-input":{"@type":"PropertyValueSpecification","valueRequired":true,"valueName":"search_term_string"}}],"inLanguage":"en-GB"},{"@type":"Organization","@id":"https:\/\/www.servin.fr\/#organization","name":"Domaine Servin","url":"https:\/\/www.servin.fr\/","logo":{"@type":"ImageObject","inLanguage":"en-GB","@id":"https:\/\/www.servin.fr\/#\/schema\/logo\/image\/","url":"https:\/\/www.servin.fr\/wp-content\/uploads\/2023\/12\/logo.jpg","contentUrl":"https:\/\/www.servin.fr\/wp-content\/uploads\/2023\/12\/logo.jpg","width":237,"height":142,"caption":"Domaine Servin"},"image":{"@id":"https:\/\/www.servin.fr\/#\/schema\/logo\/image\/"},"sameAs":["https:\/\/www.facebook.com\/domaine.servin","https:\/\/www.instagram.com\/domaineservin\/"]}]}},"_links":{"self":[{"href":"https:\/\/www.servin.fr\/en\/wp-json\/wp\/v2\/pages\/30","targetHints":{"allow":["GET"]}}],"collection":[{"href":"https:\/\/www.servin.fr\/en\/wp-json\/wp\/v2\/pages"}],"about":[{"href":"https:\/\/www.servin.fr\/en\/wp-json\/wp\/v2\/types\/page"}],"author":[{"embeddable":true,"href":"https:\/\/www.servin.fr\/en\/wp-json\/wp\/v2\/users\/1"}],"replies":[{"embeddable":true,"href":"https:\/\/www.servin.fr\/en\/wp-json\/wp\/v2\/comments?post=30"}],"version-history":[{"count":22,"href":"https:\/\/www.servin.fr\/en\/wp-json\/wp\/v2\/pages\/30\/revisions"}],"predecessor-version":[{"id":819,"href":"https:\/\/www.servin.fr\/en\/wp-json\/wp\/v2\/pages\/30\/revisions\/819"}],"wp:attachment":[{"href":"https:\/\/www.servin.fr\/en\/wp-json\/wp\/v2\/media?parent=30"}],"curies":[{"name":"wp","href":"https:\/\/api.w.org\/{rel}","templated":true}]}}